{"id":42,"date":"2022-01-25T21:01:34","date_gmt":"2022-01-25T21:01:34","guid":{"rendered":"https:\/\/retestedecilindros.com.br\/gnv\/?page_id=42"},"modified":"2022-02-02T15:18:30","modified_gmt":"2022-02-02T15:18:30","slug":"reteste-petropolis","status":"publish","type":"page","link":"https:\/\/retestedecilindros.com.br\/gnv\/reteste-petropolis\/","title":{"rendered":"Reteste Petr\u00f3polis"},"content":{"rendered":"<div class=\"sec_content_main_title\" style=\"text-align:; color:#000000\"><span class=\"sub-title-head\" style=\"text-align:;\">Reteste de Cilindros Petr\u00f3polis Ltda<\/span>Reteste Petr\u00f3polis<\/div>\n<p><a href=\"https:\/\/retestedecilindros.com.br\/gnv\/wp-content\/uploads\/2022\/01\/unidade3.png\" rel=\"lightbox-0\"><img loading=\"lazy\" decoding=\"async\" class=\"alignleft wp-image-85 size-thumbnail\" src=\"https:\/\/retestedecilindros.com.br\/gnv\/wp-content\/uploads\/2022\/01\/unidade3-150x150.png\" alt=\"\" width=\"150\" height=\"150\" \/><\/a>R. Gen. Rondon, 330, Sobreloja<br \/>\nQuitandinha, Petr\u00f3polis &#8211; RJ | CEP: 25.650-026 | <a href=\"https:\/\/goo.gl\/maps\/64Lu3Hsuw8Zk9N6e8\" target=\"blank\" rel=\"noopener\">Mapa<\/a><br \/>\nTel.: (24) 2235-0404<br \/>\nWhatsapp:<a href=\"https:\/\/wa.me\/5521977228544\" target=\"_blank\" rel=\"noopener\"> (21) 97722-8544 <\/a><br \/>\n<a href=\"mailto: petropolisvistoria@hotmail.com\">petropolisvistoria@hotmail.com<\/a><\/p>\n<p><strong>Atua\u00e7\u00e3o<\/strong>: Requalifica\u00e7\u00e3o de Cilindros Destinados ao Armazenamento de G\u00e1s Natural Veicular (GNV.<\/p>\n<p><iframe loading=\"lazy\" style=\"border: 0;\" src=\"https:\/\/www.google.com\/maps\/embed?pb=!1m14!1m8!1m3!1d3685.2269148455875!2d-43.2052748!3d-22.533171!3m2!1i1024!2i768!4f13.1!3m3!1m2!1s0x99084d686216e5%3A0xc926dfb5f94d22c0!2sR.%20Gen.%20Rondon%2C%20330%20-%20Quitandinha%2C%20Petr%C3%B3polis%20-%20RJ%2C%2025650-026!5e0!3m2!1spt-BR!2sbr!4v1643473497034!5m2!1spt-BR!2sbr\" width=\"600\" height=\"450\" allowfullscreen=\"allowfullscreen\"><\/iframe><\/p>\n<div class=\"su-image-carousel  su-image-carousel-columns-3 su-image-carousel-has-spacing su-image-carousel-crop su-image-carousel-crop-4-3 su-image-carousel-has-lightbox su-image-carousel-has-outline su-image-carousel-adaptive su-image-carousel-slides-style-default su-image-carousel-controls-style-dark su-image-carousel-align-none\" style=\"\" data-flickity-options='{\"groupCells\":true,\"cellSelector\":\".su-image-carousel-item\",\"adaptiveHeight\":false,\"cellAlign\":\"left\",\"prevNextButtons\":true,\"pageDots\":true,\"autoPlay\":3000,\"imagesLoaded\":true,\"contain\":true,\"selectedAttraction\":0.025000000000000001387778780781445675529539585113525390625,\"friction\":0.2800000000000000266453525910037569701671600341796875}' id=\"su_image_carousel_69e6536fe2044\"><div class=\"su-image-carousel-item\"><div class=\"su-image-carousel-item-content\"><a href=\"https:\/\/retestedecilindros.com.br\/gnv\/wp-content\/uploads\/2022\/02\/017.jpg\" target=\"_blank\" rel=\"noopener noreferrer\" data-caption=\"Reteste Petr\u00f3polis\"><img loading=\"lazy\" decoding=\"async\" width=\"960\" height=\"540\" src=\"https:\/\/retestedecilindros.com.br\/gnv\/wp-content\/uploads\/2022\/02\/017.jpg\" class=\"\" alt=\"Reteste Petr\u00f3polis\" srcset=\"https:\/\/retestedecilindros.com.br\/gnv\/wp-content\/uploads\/2022\/02\/017.jpg 960w, https:\/\/retestedecilindros.com.br\/gnv\/wp-content\/uploads\/2022\/02\/017-300x169.jpg 300w, https:\/\/retestedecilindros.com.br\/gnv\/wp-content\/uploads\/2022\/02\/017-768x432.jpg 768w\" sizes=\"auto, (max-width: 960px) 100vw, 960px\" \/><\/a><\/div><\/div><div class=\"su-image-carousel-item\"><div class=\"su-image-carousel-item-content\"><a href=\"https:\/\/retestedecilindros.com.br\/gnv\/wp-content\/uploads\/2022\/02\/015.jpg\" target=\"_blank\" rel=\"noopener noreferrer\" data-caption=\"Reteste Petr\u00f3polis\"><img loading=\"lazy\" decoding=\"async\" width=\"720\" height=\"960\" src=\"https:\/\/retestedecilindros.com.br\/gnv\/wp-content\/uploads\/2022\/02\/015.jpg\" class=\"\" alt=\"Reteste Petr\u00f3polis\" srcset=\"https:\/\/retestedecilindros.com.br\/gnv\/wp-content\/uploads\/2022\/02\/015.jpg 720w, https:\/\/retestedecilindros.com.br\/gnv\/wp-content\/uploads\/2022\/02\/015-225x300.jpg 225w\" sizes=\"auto, (max-width: 720px) 100vw, 720px\" \/><\/a><\/div><\/div><div class=\"su-image-carousel-item\"><div class=\"su-image-carousel-item-content\"><a href=\"https:\/\/retestedecilindros.com.br\/gnv\/wp-content\/uploads\/2022\/02\/0115.jpg\" target=\"_blank\" rel=\"noopener noreferrer\" data-caption=\"Reteste Petr\u00f3polis\"><img loading=\"lazy\" decoding=\"async\" width=\"720\" height=\"960\" src=\"https:\/\/retestedecilindros.com.br\/gnv\/wp-content\/uploads\/2022\/02\/0115.jpg\" class=\"\" alt=\"Reteste Petr\u00f3polis\" srcset=\"https:\/\/retestedecilindros.com.br\/gnv\/wp-content\/uploads\/2022\/02\/0115.jpg 720w, https:\/\/retestedecilindros.com.br\/gnv\/wp-content\/uploads\/2022\/02\/0115-225x300.jpg 225w\" sizes=\"auto, (max-width: 720px) 100vw, 720px\" \/><\/a><\/div><\/div><div class=\"su-image-carousel-item\"><div class=\"su-image-carousel-item-content\"><a href=\"https:\/\/retestedecilindros.com.br\/gnv\/wp-content\/uploads\/2022\/02\/016.jpg\" target=\"_blank\" rel=\"noopener noreferrer\" data-caption=\"Reteste Petr\u00f3polis\"><img loading=\"lazy\" decoding=\"async\" width=\"869\" height=\"960\" src=\"https:\/\/retestedecilindros.com.br\/gnv\/wp-content\/uploads\/2022\/02\/016.jpg\" class=\"\" alt=\"Reteste Petr\u00f3polis\" srcset=\"https:\/\/retestedecilindros.com.br\/gnv\/wp-content\/uploads\/2022\/02\/016.jpg 869w, https:\/\/retestedecilindros.com.br\/gnv\/wp-content\/uploads\/2022\/02\/016-272x300.jpg 272w, https:\/\/retestedecilindros.com.br\/gnv\/wp-content\/uploads\/2022\/02\/016-768x848.jpg 768w\" sizes=\"auto, (max-width: 869px) 100vw, 869px\" \/><\/a><\/div><\/div><div class=\"su-image-carousel-item\"><div class=\"su-image-carousel-item-content\"><a href=\"https:\/\/retestedecilindros.com.br\/gnv\/wp-content\/uploads\/2022\/02\/014.jpg\" target=\"_blank\" rel=\"noopener noreferrer\" data-caption=\"Reteste Petr\u00f3polis\"><img loading=\"lazy\" decoding=\"async\" width=\"553\" height=\"960\" src=\"https:\/\/retestedecilindros.com.br\/gnv\/wp-content\/uploads\/2022\/02\/014.jpg\" class=\"\" alt=\"Reteste Petr\u00f3polis\" srcset=\"https:\/\/retestedecilindros.com.br\/gnv\/wp-content\/uploads\/2022\/02\/014.jpg 553w, https:\/\/retestedecilindros.com.br\/gnv\/wp-content\/uploads\/2022\/02\/014-173x300.jpg 173w\" sizes=\"auto, (max-width: 553px) 100vw, 553px\" \/><\/a><\/div><\/div><div class=\"su-image-carousel-item\"><div class=\"su-image-carousel-item-content\"><a href=\"https:\/\/retestedecilindros.com.br\/gnv\/wp-content\/uploads\/2022\/02\/013.jpg\" target=\"_blank\" rel=\"noopener noreferrer\" data-caption=\"Reteste Petr\u00f3polis\"><img loading=\"lazy\" decoding=\"async\" width=\"379\" height=\"960\" src=\"https:\/\/retestedecilindros.com.br\/gnv\/wp-content\/uploads\/2022\/02\/013.jpg\" class=\"\" alt=\"Reteste Petr\u00f3polis\" srcset=\"https:\/\/retestedecilindros.com.br\/gnv\/wp-content\/uploads\/2022\/02\/013.jpg 379w, https:\/\/retestedecilindros.com.br\/gnv\/wp-content\/uploads\/2022\/02\/013-118x300.jpg 118w\" sizes=\"auto, (max-width: 379px) 100vw, 379px\" \/><\/a><\/div><\/div><div class=\"su-image-carousel-item\"><div class=\"su-image-carousel-item-content\"><a href=\"https:\/\/retestedecilindros.com.br\/gnv\/wp-content\/uploads\/2022\/02\/012.jpg\" target=\"_blank\" rel=\"noopener noreferrer\" data-caption=\"Reteste Petr\u00f3polis\"><img loading=\"lazy\" decoding=\"async\" width=\"899\" height=\"960\" src=\"https:\/\/retestedecilindros.com.br\/gnv\/wp-content\/uploads\/2022\/02\/012.jpg\" class=\"\" alt=\"Reteste Petr\u00f3polis\" srcset=\"https:\/\/retestedecilindros.com.br\/gnv\/wp-content\/uploads\/2022\/02\/012.jpg 899w, https:\/\/retestedecilindros.com.br\/gnv\/wp-content\/uploads\/2022\/02\/012-281x300.jpg 281w, https:\/\/retestedecilindros.com.br\/gnv\/wp-content\/uploads\/2022\/02\/012-768x820.jpg 768w\" sizes=\"auto, (max-width: 899px) 100vw, 899px\" \/><\/a><\/div><\/div><div class=\"su-image-carousel-item\"><div class=\"su-image-carousel-item-content\"><a href=\"https:\/\/retestedecilindros.com.br\/gnv\/wp-content\/uploads\/2022\/02\/011.jpg\" target=\"_blank\" rel=\"noopener noreferrer\" data-caption=\"Reteste Petr\u00f3polis\"><img loading=\"lazy\" decoding=\"async\" width=\"574\" height=\"960\" src=\"https:\/\/retestedecilindros.com.br\/gnv\/wp-content\/uploads\/2022\/02\/011.jpg\" class=\"\" alt=\"Reteste Petr\u00f3polis\" srcset=\"https:\/\/retestedecilindros.com.br\/gnv\/wp-content\/uploads\/2022\/02\/011.jpg 574w, https:\/\/retestedecilindros.com.br\/gnv\/wp-content\/uploads\/2022\/02\/011-179x300.jpg 179w\" sizes=\"auto, (max-width: 574px) 100vw, 574px\" \/><\/a><\/div><\/div><div class=\"su-image-carousel-item\"><div class=\"su-image-carousel-item-content\"><a href=\"https:\/\/retestedecilindros.com.br\/gnv\/wp-content\/uploads\/2022\/02\/010.jpg\" target=\"_blank\" rel=\"noopener noreferrer\" data-caption=\"Reteste Petr\u00f3polis\"><img loading=\"lazy\" decoding=\"async\" width=\"641\" height=\"960\" src=\"https:\/\/retestedecilindros.com.br\/gnv\/wp-content\/uploads\/2022\/02\/010.jpg\" class=\"\" alt=\"Reteste Petr\u00f3polis\" srcset=\"https:\/\/retestedecilindros.com.br\/gnv\/wp-content\/uploads\/2022\/02\/010.jpg 641w, https:\/\/retestedecilindros.com.br\/gnv\/wp-content\/uploads\/2022\/02\/010-200x300.jpg 200w\" sizes=\"auto, (max-width: 641px) 100vw, 641px\" \/><\/a><\/div><\/div><div class=\"su-image-carousel-item\"><div class=\"su-image-carousel-item-content\"><a href=\"https:\/\/retestedecilindros.com.br\/gnv\/wp-content\/uploads\/2022\/02\/009.jpg\" target=\"_blank\" rel=\"noopener noreferrer\" data-caption=\"Reteste Petr\u00f3polis\"><img loading=\"lazy\" decoding=\"async\" width=\"646\" height=\"960\" src=\"https:\/\/retestedecilindros.com.br\/gnv\/wp-content\/uploads\/2022\/02\/009.jpg\" class=\"\" alt=\"Reteste Petr\u00f3polis\" srcset=\"https:\/\/retestedecilindros.com.br\/gnv\/wp-content\/uploads\/2022\/02\/009.jpg 646w, https:\/\/retestedecilindros.com.br\/gnv\/wp-content\/uploads\/2022\/02\/009-202x300.jpg 202w\" sizes=\"auto, (max-width: 646px) 100vw, 646px\" \/><\/a><\/div><\/div><div class=\"su-image-carousel-item\"><div class=\"su-image-carousel-item-content\"><a href=\"https:\/\/retestedecilindros.com.br\/gnv\/wp-content\/uploads\/2022\/02\/008.jpg\" target=\"_blank\" rel=\"noopener noreferrer\" data-caption=\"Reteste Petr\u00f3polis\"><img loading=\"lazy\" decoding=\"async\" width=\"720\" height=\"960\" src=\"https:\/\/retestedecilindros.com.br\/gnv\/wp-content\/uploads\/2022\/02\/008.jpg\" class=\"\" alt=\"Reteste Petr\u00f3polis\" srcset=\"https:\/\/retestedecilindros.com.br\/gnv\/wp-content\/uploads\/2022\/02\/008.jpg 720w, https:\/\/retestedecilindros.com.br\/gnv\/wp-content\/uploads\/2022\/02\/008-225x300.jpg 225w\" sizes=\"auto, (max-width: 720px) 100vw, 720px\" \/><\/a><\/div><\/div><div class=\"su-image-carousel-item\"><div class=\"su-image-carousel-item-content\"><a href=\"https:\/\/retestedecilindros.com.br\/gnv\/wp-content\/uploads\/2022\/02\/007.jpg\" target=\"_blank\" rel=\"noopener noreferrer\" data-caption=\"Reteste Petr\u00f3polis\"><img loading=\"lazy\" decoding=\"async\" width=\"520\" height=\"960\" src=\"https:\/\/retestedecilindros.com.br\/gnv\/wp-content\/uploads\/2022\/02\/007.jpg\" class=\"\" alt=\"Reteste Petr\u00f3polis\" srcset=\"https:\/\/retestedecilindros.com.br\/gnv\/wp-content\/uploads\/2022\/02\/007.jpg 520w, https:\/\/retestedecilindros.com.br\/gnv\/wp-content\/uploads\/2022\/02\/007-163x300.jpg 163w\" sizes=\"auto, (max-width: 520px) 100vw, 520px\" \/><\/a><\/div><\/div><div class=\"su-image-carousel-item\"><div class=\"su-image-carousel-item-content\"><a href=\"https:\/\/retestedecilindros.com.br\/gnv\/wp-content\/uploads\/2022\/02\/004.jpg\" target=\"_blank\" rel=\"noopener noreferrer\" data-caption=\"Reteste Petr\u00f3polis\"><img loading=\"lazy\" decoding=\"async\" width=\"571\" height=\"960\" src=\"https:\/\/retestedecilindros.com.br\/gnv\/wp-content\/uploads\/2022\/02\/004.jpg\" class=\"\" alt=\"Reteste Petr\u00f3polis\" srcset=\"https:\/\/retestedecilindros.com.br\/gnv\/wp-content\/uploads\/2022\/02\/004.jpg 571w, https:\/\/retestedecilindros.com.br\/gnv\/wp-content\/uploads\/2022\/02\/004-178x300.jpg 178w\" sizes=\"auto, (max-width: 571px) 100vw, 571px\" \/><\/a><\/div><\/div><div class=\"su-image-carousel-item\"><div class=\"su-image-carousel-item-content\"><a href=\"https:\/\/retestedecilindros.com.br\/gnv\/wp-content\/uploads\/2022\/02\/005.jpg\" target=\"_blank\" rel=\"noopener noreferrer\" data-caption=\"Reteste Petr\u00f3polis\"><img loading=\"lazy\" decoding=\"async\" width=\"511\" height=\"960\" src=\"https:\/\/retestedecilindros.com.br\/gnv\/wp-content\/uploads\/2022\/02\/005.jpg\" class=\"\" alt=\"Reteste Petr\u00f3polis\" srcset=\"https:\/\/retestedecilindros.com.br\/gnv\/wp-content\/uploads\/2022\/02\/005.jpg 511w, https:\/\/retestedecilindros.com.br\/gnv\/wp-content\/uploads\/2022\/02\/005-160x300.jpg 160w\" sizes=\"auto, (max-width: 511px) 100vw, 511px\" \/><\/a><\/div><\/div><div class=\"su-image-carousel-item\"><div class=\"su-image-carousel-item-content\"><a href=\"https:\/\/retestedecilindros.com.br\/gnv\/wp-content\/uploads\/2022\/02\/002.jpg\" target=\"_blank\" rel=\"noopener noreferrer\" data-caption=\"Reteste Petr\u00f3polis\"><img loading=\"lazy\" decoding=\"async\" width=\"667\" height=\"960\" src=\"https:\/\/retestedecilindros.com.br\/gnv\/wp-content\/uploads\/2022\/02\/002.jpg\" class=\"\" alt=\"Reteste Petr\u00f3polis\" srcset=\"https:\/\/retestedecilindros.com.br\/gnv\/wp-content\/uploads\/2022\/02\/002.jpg 667w, https:\/\/retestedecilindros.com.br\/gnv\/wp-content\/uploads\/2022\/02\/002-208x300.jpg 208w\" sizes=\"auto, (max-width: 667px) 100vw, 667px\" \/><\/a><\/div><\/div><div class=\"su-image-carousel-item\"><div class=\"su-image-carousel-item-content\"><a href=\"https:\/\/retestedecilindros.com.br\/gnv\/wp-content\/uploads\/2022\/02\/003.jpg\" target=\"_blank\" rel=\"noopener noreferrer\" data-caption=\"Reteste Petr\u00f3polis\"><img loading=\"lazy\" decoding=\"async\" width=\"667\" height=\"960\" src=\"https:\/\/retestedecilindros.com.br\/gnv\/wp-content\/uploads\/2022\/02\/003.jpg\" class=\"\" alt=\"Reteste Petr\u00f3polis\" srcset=\"https:\/\/retestedecilindros.com.br\/gnv\/wp-content\/uploads\/2022\/02\/003.jpg 667w, https:\/\/retestedecilindros.com.br\/gnv\/wp-content\/uploads\/2022\/02\/003-208x300.jpg 208w\" sizes=\"auto, (max-width: 667px) 100vw, 667px\" \/><\/a><\/div><\/div><div class=\"su-image-carousel-item\"><div class=\"su-image-carousel-item-content\"><a href=\"https:\/\/retestedecilindros.com.br\/gnv\/wp-content\/uploads\/2022\/02\/001.jpg\" target=\"_blank\" rel=\"noopener noreferrer\" data-caption=\"Reteste Petr\u00f3polis\"><img loading=\"lazy\" decoding=\"async\" width=\"520\" height=\"960\" src=\"https:\/\/retestedecilindros.com.br\/gnv\/wp-content\/uploads\/2022\/02\/001.jpg\" class=\"\" alt=\"Reteste Petr\u00f3polis\" srcset=\"https:\/\/retestedecilindros.com.br\/gnv\/wp-content\/uploads\/2022\/02\/001.jpg 520w, https:\/\/retestedecilindros.com.br\/gnv\/wp-content\/uploads\/2022\/02\/001-163x300.jpg 163w\" sizes=\"auto, (max-width: 520px) 100vw, 520px\" \/><\/a><\/div><\/div><\/div><script id=\"su_image_carousel_69e6536fe2044_script\">if(window.SUImageCarousel){setTimeout(function() {window.SUImageCarousel.initGallery(document.getElementById(\"su_image_carousel_69e6536fe2044\"))}, 0);}var su_image_carousel_69e6536fe2044_script=document.getElementById(\"su_image_carousel_69e6536fe2044_script\");if(su_image_carousel_69e6536fe2044_script){su_image_carousel_69e6536fe2044_script.parentNode.removeChild(su_image_carousel_69e6536fe2044_script);}<\/script>\n<p><iframe loading=\"lazy\" title=\"YouTube video player\" src=\"https:\/\/www.youtube.com\/embed\/zKBnlssPhBk\" width=\"560\" height=\"315\" frameborder=\"0\" allowfullscreen=\"allowfullscreen\"><\/iframe><\/p>\n","protected":false},"excerpt":{"rendered":"<p>R. Gen. Rondon, 330, Sobreloja Quitandinha, Petr\u00f3polis &#8211; RJ | CEP: 25.650-026 | Mapa Tel.: (24) 2235-0404 Whatsapp: (21) 97722-8544 petropolisvistoria@hotmail.com Atua\u00e7\u00e3o: Requalifica\u00e7\u00e3o de Cilindros Destinados ao Armazenamento de G\u00e1s Natural Veicular (GNV.<\/p>\n","protected":false},"author":1,"featured_media":0,"parent":0,"menu_order":0,"comment_status":"closed","ping_status":"closed","template":"","meta":{"footnotes":"","_links_to":"","_links_to_target":""},"class_list":["post-42","page","type-page","status-publish","hentry"],"_links":{"self":[{"href":"https:\/\/retestedecilindros.com.br\/gnv\/wp-json\/wp\/v2\/pages\/42","targetHints":{"allow":["GET"]}}],"collection":[{"href":"https:\/\/retestedecilindros.com.br\/gnv\/wp-json\/wp\/v2\/pages"}],"about":[{"href":"https:\/\/retestedecilindros.com.br\/gnv\/wp-json\/wp\/v2\/types\/page"}],"author":[{"embeddable":true,"href":"https:\/\/retestedecilindros.com.br\/gnv\/wp-json\/wp\/v2\/users\/1"}],"replies":[{"embeddable":true,"href":"https:\/\/retestedecilindros.com.br\/gnv\/wp-json\/wp\/v2\/comments?post=42"}],"version-history":[{"count":5,"href":"https:\/\/retestedecilindros.com.br\/gnv\/wp-json\/wp\/v2\/pages\/42\/revisions"}],"predecessor-version":[{"id":266,"href":"https:\/\/retestedecilindros.com.br\/gnv\/wp-json\/wp\/v2\/pages\/42\/revisions\/266"}],"wp:attachment":[{"href":"https:\/\/retestedecilindros.com.br\/gnv\/wp-json\/wp\/v2\/media?parent=42"}],"curies":[{"name":"wp","href":"https:\/\/api.w.org\/{rel}","templated":true}]}}