{"id":21,"date":"2022-01-25T20:52:11","date_gmt":"2022-01-25T20:52:11","guid":{"rendered":"https:\/\/retestedecilindros.com.br\/gnv\/?page_id=21"},"modified":"2022-01-29T19:51:00","modified_gmt":"2022-01-29T19:51:00","slug":"certificacoes","status":"publish","type":"page","link":"https:\/\/retestedecilindros.com.br\/gnv\/certificacoes\/","title":{"rendered":"Certifica\u00e7\u00f5es"},"content":{"rendered":"<p>Certifica\u00e7\u00f5es<\/p>\n<p><a href=\"https:\/\/retestedecilindros.com.br\/gnv\/wp-content\/uploads\/2022\/01\/logo-ipem-rj.png\" rel=\"lightbox-0\"><img loading=\"lazy\" decoding=\"async\" class=\"size-full wp-image-100 alignleft\" src=\"https:\/\/retestedecilindros.com.br\/gnv\/wp-content\/uploads\/2022\/01\/logo-ipem-rj.png\" alt=\"\" width=\"252\" height=\"97\" \/><\/a>Todas as empresas do Grupo Reteste de Cilindros possuem o selo de certifica\u00e7\u00e3o do Instituto de Pesos e Medidas do Estado do Rio de Janeiro (IPEM-RJ ) em conformidade com as Portarias 308\/2009 e 309\/2009.<\/p>\n<p>&nbsp;<\/p>\n<div class=\"su-spoiler su-spoiler-style-fancy su-spoiler-icon-plus su-spoiler-closed\" data-scroll-offset=\"0\" data-anchor-in-url=\"no\"><div class=\"su-spoiler-title\" tabindex=\"0\" role=\"button\"><span class=\"su-spoiler-icon\"><\/span>Saiba mais sobre o IPEM<\/div><div class=\"su-spoiler-content su-u-clearfix su-u-trim\">\n<p>Sobre o IPEM-RJ:<\/p>\n<p>O Instituto de Pesos e Medidas do Estado do Rio de Janeiro (IPEM-RJ) foi criado em 1956 visando \u00e0 defesa do consumidor no campo da Metrologia Legal e Qualidade Industrial. Em 1996, atrav\u00e9s do Decreto 22491\/96 que regulamenta a Lei n\u00ba 2534\/96, o Instituto se transformou em Autarquia Estadual do Rio de Janeiro vinculada administrativamente \u00e0 Secretaria de Estado de Ci\u00eancia, Tecnologia e Inova\u00e7\u00e3o e \u00e9 um \u00f3rg\u00e3o delegado do Instituto Nacional de Metrologia, Qualidade e Tecnologia (Inmetro) para realizar as verifica\u00e7\u00f5es, certifica\u00e7\u00f5es e fiscaliza\u00e7\u00f5es em produtos e servi\u00e7os acreditados pelo mesmo.<\/p>\n<p>A miss\u00e3o do IPEM-RJ \u00e9 garantir \u00e0 sociedade do Estado do Rio de Janeiro a execu\u00e7\u00e3o da Metrologia Legal, assim como, a conformidade industrial com efic\u00e1cia e confiabilidade. Na busca da excel\u00eancia administrativa o Instituto de Pesos e Medidas do Estado do Rio de Janeiro tem trabalhado o processo de gest\u00e3o por estrat\u00e9gias, garantindo assim a sua sustentabilidade financeira e disseminando entre seus colaboradores a cultura orientada para resultados. Para isso tem priorizados a capacita\u00e7\u00e3o permanente de todo o seu corpo funcional.<\/p>\n<p>A sede do Instituto de Pesos e Medidas do Estado do Rio de Janeiro est\u00e1 situada \u00e0 Rua Padre Manoel da N\u00f3brega, n\u00ba 539, Piedade, Zona Norte do Rio de Janeiro. Visando atender todo o Estado, o IPEM-RJ possui seis postos regionais localizados nos munic\u00edpios de Campos dos Goytacazes, Duque de Caxias, Niter\u00f3i, Nova Friburgo, Petr\u00f3polis e Volta Redonda.<\/p>\n<p>O IPEM-RJ tamb\u00e9m se faz presente na rede social Facebook. Assim a sociedade pode acompanhar de perto as not\u00edcias do \u00f3rg\u00e3o.<\/p>\n<p>Fonte: <a href=\"http:\/\/www.ipem.rj.gov.br\/\" target=\"_blank\" rel=\"noopener\">http:\/\/www.ipem.rj.gov.br\/<\/a><\/p>\n<\/div><\/div>\n<p>&nbsp;<\/p>\n","protected":false},"excerpt":{"rendered":"<p>Certifica\u00e7\u00f5es Todas as empresas do Grupo Reteste de Cilindros possuem o selo de certifica\u00e7\u00e3o do Instituto de Pesos e Medidas do Estado do Rio de Janeiro (IPEM-RJ ) em conformidade com as Portarias 308\/2009 e 309\/2009. &nbsp; &nbsp;<\/p>\n","protected":false},"author":1,"featured_media":0,"parent":0,"menu_order":0,"comment_status":"closed","ping_status":"closed","template":"","meta":{"footnotes":"","_links_to":"","_links_to_target":""},"class_list":["post-21","page","type-page","status-publish","hentry"],"_links":{"self":[{"href":"https:\/\/retestedecilindros.com.br\/gnv\/wp-json\/wp\/v2\/pages\/21","targetHints":{"allow":["GET"]}}],"collection":[{"href":"https:\/\/retestedecilindros.com.br\/gnv\/wp-json\/wp\/v2\/pages"}],"about":[{"href":"https:\/\/retestedecilindros.com.br\/gnv\/wp-json\/wp\/v2\/types\/page"}],"author":[{"embeddable":true,"href":"https:\/\/retestedecilindros.com.br\/gnv\/wp-json\/wp\/v2\/users\/1"}],"replies":[{"embeddable":true,"href":"https:\/\/retestedecilindros.com.br\/gnv\/wp-json\/wp\/v2\/comments?post=21"}],"version-history":[{"count":4,"href":"https:\/\/retestedecilindros.com.br\/gnv\/wp-json\/wp\/v2\/pages\/21\/revisions"}],"predecessor-version":[{"id":146,"href":"https:\/\/retestedecilindros.com.br\/gnv\/wp-json\/wp\/v2\/pages\/21\/revisions\/146"}],"wp:attachment":[{"href":"https:\/\/retestedecilindros.com.br\/gnv\/wp-json\/wp\/v2\/media?parent=21"}],"curies":[{"name":"wp","href":"https:\/\/api.w.org\/{rel}","templated":true}]}}