{"id":19,"date":"2022-01-25T20:52:00","date_gmt":"2022-01-25T20:52:00","guid":{"rendered":"https:\/\/retestedecilindros.com.br\/gnv\/?page_id=19"},"modified":"2022-01-29T19:56:21","modified_gmt":"2022-01-29T19:56:21","slug":"dicas-e-links","status":"publish","type":"page","link":"https:\/\/retestedecilindros.com.br\/gnv\/dicas-e-links\/","title":{"rendered":"Dicas e links"},"content":{"rendered":"<div class=\"sec_content_main_title\" style=\"text-align:center; color:#000000\"><span class=\"sub-title-head\" style=\"text-align:center;\">Clique para ver os links relacionados a transito e GNV<\/span>Links relacionados<\/div>\n<ul>\n<li><a href=\"http:\/\/www.ipem.rj.gov.br\/Home\/Default.aspx\" target=\"_blank\" rel=\"noopener\"><strong>IPEM \u2013 instituto de Pesos e Medidas do RJ<\/strong><\/a><\/li>\n<li><strong><a href=\"http:\/\/www.denatran.gov.br\/\" target=\"_blank\" rel=\"noopener\">DENATRAN<\/a>\u00a0<\/strong><\/li>\n<li><strong><a href=\"http:\/\/www.detran.rj.gov.br\/\" target=\"_blank\" rel=\"noopener\">DETRAN<\/a><\/strong><\/li>\n<li><strong><a href=\"http:\/\/usegnv.com.br\/simulador-gnv\/\" target=\"_blank\" rel=\"noopener\">Simulador C\u00e1lculo Consumo GNV<\/a><\/strong><\/li>\n<li><strong><a href=\"http:\/\/www.usegnv.com.br\/?listaPostos\" target=\"_blank\" rel=\"noopener\">Listas de Postos de Abastecimento GNV<\/a><\/strong><\/li>\n<li><strong><a href=\"http:\/\/www.abegas.org.br\/\" target=\"_blank\" rel=\"noopener\">Associa\u00e7\u00e3o Brasileira de Empresas Abastecedoras de G\u00e1s Encanado<\/a><\/strong><\/li>\n<li><strong><a href=\"http:\/\/www.denatran.gov.br\/contran.htm\" target=\"_blank\" rel=\"noopener\">CONTRAN<\/a>\u00a0<\/strong><\/li>\n<li><strong><a href=\"http:\/\/www.der.rj.gov.br\/\" target=\"_blank\" rel=\"noopener\">DER \u2013 Departamento de Estradas e Rodagem\u00a0<\/a><\/strong><\/li>\n<li><strong><a href=\"http:\/\/www.dprf.gov.br\/\" target=\"_blank\" rel=\"noopener\">PRF \u2013 Pol\u00edcia Rodovi\u00e1ria Federal<\/a><\/strong><\/li>\n<li><strong><a href=\"http:\/\/www.rio.rj.gov.br\/web\/riotransito\" target=\"_blank\" rel=\"noopener\">CET RIO <\/a><\/strong><\/li>\n<li><strong><a href=\"http:\/\/www.concer.com.br\/\" target=\"_blank\" rel=\"noopener\">CONCER \u2013 Concession\u00e1ria Juiz de Fora-Rio S.A.\u00a0<\/a><\/strong><\/li>\n<li><strong><a href=\"http:\/\/www.lamsa.com.br\/\" target=\"_blank\" rel=\"noopener\">LAMSA \u2013 Linha Amarela<\/a><\/strong><\/li>\n<li><strong><a href=\"http:\/\/www.ponte.com.br\/\" target=\"_blank\" rel=\"noopener\">Ponte SA \u2013 Concession\u00e1ria da Ponte Rio-Niter\u00f3i S.A.\u00a0<\/a><\/strong><\/li>\n<li><strong><a href=\"http:\/\/www.novadutra.com.br\/\" target=\"_blank\" rel=\"noopener\">Rodovia Nova Dutra<\/a><\/strong><\/li>\n<li><strong><a href=\"http:\/\/www.crt.com.br\/\" target=\"_blank\" rel=\"noopener\">CRT \u2013 Concession\u00e1ria Rio-Teres\u00f3polis S.A.\u00a0<\/a><\/strong><\/li>\n<li><a href=\"http:\/\/www.rota116.com.br\/2009\/index.php\" target=\"_blank\" rel=\"noopener\"><strong>ROTA 166 \u2013 Concession\u00e1ria Rota 166 S.A<\/strong><\/a><\/li>\n<\/ul>\n","protected":false},"excerpt":{"rendered":"<p>IPEM \u2013 instituto de Pesos e Medidas do RJ DENATRAN\u00a0 DETRAN Simulador C\u00e1lculo Consumo GNV Listas de Postos de Abastecimento GNV Associa\u00e7\u00e3o Brasileira de Empresas Abastecedoras de G\u00e1s Encanado CONTRAN\u00a0 DER \u2013 Departamento de Estradas e Rodagem\u00a0 PRF \u2013 Pol\u00edcia Rodovi\u00e1ria Federal CET RIO CONCER \u2013 Concession\u00e1ria Juiz de Fora-Rio S.A.\u00a0 LAMSA \u2013 Linha Amarela Ponte SA \u2013 Concession\u00e1ria da Ponte Rio-Niter\u00f3i S.A.\u00a0 Rodovia Nova Dutra CRT \u2013 Concession\u00e1ria Rio-Teres\u00f3polis S.A.\u00a0 ROTA 166 \u2013 Concession\u00e1ria Rota 166 S.A<\/p>\n","protected":false},"author":1,"featured_media":0,"parent":0,"menu_order":0,"comment_status":"closed","ping_status":"closed","template":"","meta":{"footnotes":"","_links_to":"","_links_to_target":""},"class_list":["post-19","page","type-page","status-publish","hentry"],"_links":{"self":[{"href":"https:\/\/retestedecilindros.com.br\/gnv\/wp-json\/wp\/v2\/pages\/19","targetHints":{"allow":["GET"]}}],"collection":[{"href":"https:\/\/retestedecilindros.com.br\/gnv\/wp-json\/wp\/v2\/pages"}],"about":[{"href":"https:\/\/retestedecilindros.com.br\/gnv\/wp-json\/wp\/v2\/types\/page"}],"author":[{"embeddable":true,"href":"https:\/\/retestedecilindros.com.br\/gnv\/wp-json\/wp\/v2\/users\/1"}],"replies":[{"embeddable":true,"href":"https:\/\/retestedecilindros.com.br\/gnv\/wp-json\/wp\/v2\/comments?post=19"}],"version-history":[{"count":3,"href":"https:\/\/retestedecilindros.com.br\/gnv\/wp-json\/wp\/v2\/pages\/19\/revisions"}],"predecessor-version":[{"id":148,"href":"https:\/\/retestedecilindros.com.br\/gnv\/wp-json\/wp\/v2\/pages\/19\/revisions\/148"}],"wp:attachment":[{"href":"https:\/\/retestedecilindros.com.br\/gnv\/wp-json\/wp\/v2\/media?parent=19"}],"curies":[{"name":"wp","href":"https:\/\/api.w.org\/{rel}","templated":true}]}}