{"id":150,"date":"2022-01-29T20:30:53","date_gmt":"2022-01-29T20:30:53","guid":{"rendered":"https:\/\/retestedecilindros.com.br\/gnv\/?page_id=150"},"modified":"2022-01-29T20:33:29","modified_gmt":"2022-01-29T20:33:29","slug":"acidentes-por-falta-reteste","status":"publish","type":"page","link":"https:\/\/retestedecilindros.com.br\/gnv\/acidentes-por-falta-reteste\/","title":{"rendered":"Acidentes por Falta Reteste"},"content":{"rendered":"<div class=\"sec_content_main_title\" style=\"text-align:center; color:#000000\"><span class=\"sub-title-head\" style=\"text-align:center;\">Evite Acidentes, mantenha seu reteste em dia<\/span>Acidentes Evit\u00e1veis<\/div>\n<p>Sistemas veiculares de GNV s\u00e3o t\u00e3o seguros como qualquer outro.<br \/>\nEntretanto \u00e9 necess\u00e1rio apenas utilizar servi\u00e7os de <strong>empresas acreditadas<\/strong> e observar as datas de validade do cilindro e recomenda\u00e7\u00f5es para reteste e requalifica\u00e7\u00e3o.<\/p>\n<p><iframe loading=\"lazy\" title=\"YouTube video player\" src=\"https:\/\/www.youtube.com\/embed\/lO6uB_TaZ-w\" width=\"560\" height=\"315\" frameborder=\"0\" allowfullscreen=\"allowfullscreen\"><\/iframe><\/p>\n<p><iframe loading=\"lazy\" title=\"YouTube video player\" src=\"https:\/\/www.youtube.com\/embed\/rxv3FyPBprE\" width=\"560\" height=\"315\" frameborder=\"0\" allowfullscreen=\"allowfullscreen\"><\/iframe><\/p>\n<div class=\"su-note\"  style=\"border-color:#dddddd;border-radius:3px;-moz-border-radius:3px;-webkit-border-radius:3px;\"><div class=\"su-note-inner su-u-clearfix su-u-trim\" style=\"background-color:#f7f7f7;border-color:#ffffff;color:#333333;border-radius:3px;-moz-border-radius:3px;-webkit-border-radius:3px;\">\n<p>O principal objetivo do servi\u00e7o de reteste e de requalifica\u00e7\u00e3o de cilindros \u00e9 a sua prote\u00e7\u00e3o e a prote\u00e7\u00e3o das pessoas perto de voc\u00ea.N\u00e3o adie a sua seguran\u00e7a: fique atento \u00e0 data de validade Lembre-se que a sua seguran\u00e7a n\u00e3o tem pre\u00e7o.<br \/>\nMarque seu reteste hoje mesmo em uma de nossas unidades certificadas pelo IPEM-RJ!<\/p>\n\n\t\t<style type=\"text\/css\">\n\t\t\t#gallery-1 {\n\t\t\t\tmargin: auto;\n\t\t\t}\n\t\t\t#gallery-1 .gallery-item {\n\t\t\t\tfloat: left;\n\t\t\t\tmargin-top: 10px;\n\t\t\t\ttext-align: center;\n\t\t\t\twidth: 33%;\n\t\t\t}\n\t\t\t#gallery-1 img {\n\t\t\t\tborder: 2px solid #cfcfcf;\n\t\t\t}\n\t\t\t#gallery-1 .gallery-caption {\n\t\t\t\tmargin-left: 0;\n\t\t\t}\n\t\t\t\/* see gallery_shortcode() in wp-includes\/media.php *\/\n\t\t<\/style>\n\t\t<div id='gallery-1' class='gallery galleryid-150 gallery-columns-3 gallery-size-thumbnail'><dl class='gallery-item'>\n\t\t\t<dt class='gallery-icon landscape'>\n\t\t\t\t<a href='https:\/\/retestedecilindros.com.br\/gnv\/wp-content\/uploads\/2022\/01\/acidente-01.jpg' rel=\"lightbox[gallery-0]\"><img loading=\"lazy\" decoding=\"async\" width=\"150\" height=\"150\" src=\"https:\/\/retestedecilindros.com.br\/gnv\/wp-content\/uploads\/2022\/01\/acidente-01-150x150.jpg\" class=\"attachment-thumbnail size-thumbnail\" alt=\"\" \/><\/a>\n\t\t\t<\/dt><\/dl><dl class='gallery-item'>\n\t\t\t<dt class='gallery-icon portrait'>\n\t\t\t\t<a href='https:\/\/retestedecilindros.com.br\/gnv\/wp-content\/uploads\/2022\/01\/acidente-02.jpg' rel=\"lightbox[gallery-0]\"><img loading=\"lazy\" decoding=\"async\" width=\"150\" height=\"150\" src=\"https:\/\/retestedecilindros.com.br\/gnv\/wp-content\/uploads\/2022\/01\/acidente-02-150x150.jpg\" class=\"attachment-thumbnail size-thumbnail\" alt=\"\" \/><\/a>\n\t\t\t<\/dt><\/dl><dl class='gallery-item'>\n\t\t\t<dt class='gallery-icon landscape'>\n\t\t\t\t<a href='https:\/\/retestedecilindros.com.br\/gnv\/wp-content\/uploads\/2022\/01\/acidente-03.jpg' rel=\"lightbox[gallery-0]\"><img loading=\"lazy\" decoding=\"async\" width=\"150\" height=\"150\" src=\"https:\/\/retestedecilindros.com.br\/gnv\/wp-content\/uploads\/2022\/01\/acidente-03-150x150.jpg\" class=\"attachment-thumbnail size-thumbnail\" alt=\"\" \/><\/a>\n\t\t\t<\/dt><\/dl><br style=\"clear: both\" \/>\n\t\t<\/div>\n\n<\/div><\/div>\n","protected":false},"excerpt":{"rendered":"<p>Sistemas veiculares de GNV s\u00e3o t\u00e3o seguros como qualquer outro. Entretanto \u00e9 necess\u00e1rio apenas utilizar servi\u00e7os de empresas acreditadas e observar as datas de validade do cilindro e recomenda\u00e7\u00f5es para reteste e requalifica\u00e7\u00e3o.<\/p>\n","protected":false},"author":1,"featured_media":0,"parent":0,"menu_order":0,"comment_status":"closed","ping_status":"closed","template":"","meta":{"footnotes":"","_links_to":"","_links_to_target":""},"class_list":["post-150","page","type-page","status-publish","hentry"],"_links":{"self":[{"href":"https:\/\/retestedecilindros.com.br\/gnv\/wp-json\/wp\/v2\/pages\/150","targetHints":{"allow":["GET"]}}],"collection":[{"href":"https:\/\/retestedecilindros.com.br\/gnv\/wp-json\/wp\/v2\/pages"}],"about":[{"href":"https:\/\/retestedecilindros.com.br\/gnv\/wp-json\/wp\/v2\/types\/page"}],"author":[{"embeddable":true,"href":"https:\/\/retestedecilindros.com.br\/gnv\/wp-json\/wp\/v2\/users\/1"}],"replies":[{"embeddable":true,"href":"https:\/\/retestedecilindros.com.br\/gnv\/wp-json\/wp\/v2\/comments?post=150"}],"version-history":[{"count":4,"href":"https:\/\/retestedecilindros.com.br\/gnv\/wp-json\/wp\/v2\/pages\/150\/revisions"}],"predecessor-version":[{"id":158,"href":"https:\/\/retestedecilindros.com.br\/gnv\/wp-json\/wp\/v2\/pages\/150\/revisions\/158"}],"wp:attachment":[{"href":"https:\/\/retestedecilindros.com.br\/gnv\/wp-json\/wp\/v2\/media?parent=150"}],"curies":[{"name":"wp","href":"https:\/\/api.w.org\/{rel}","templated":true}]}}